{"id":82,"date":"2023-11-05T15:27:55","date_gmt":"2023-11-05T14:27:55","guid":{"rendered":"https:\/\/ailleurs-epinal.fr\/?page_id=82"},"modified":"2023-11-05T15:58:01","modified_gmt":"2023-11-05T14:58:01","slug":"atelier-recurrent","status":"publish","type":"page","link":"https:\/\/ailleurs-epinal.fr\/index.php\/atelier-recurrent\/","title":{"rendered":"Atelier R\u00e9current"},"content":{"rendered":"\n\t\t\t\t\t\t\t<h3 style=\"margin-bottom:20px ;display:block;width:100%;margin-top:10px\">Planning atelier r\u00e9current <\/h3>\r\n\t\t\t\t\t\t\t\t<style>\r\n\t\t\t\t\r\n\t\t\t\t\t#tab_container_91 {\r\n\toverflow:hidden;\r\n\tdisplay:block;\r\n\twidth:100%;\r\n\tborder:0px solid #ddd;\r\n\tmargin-bottom:30px;\r\n\t}\r\n\r\n#tab_container_91 .tab-content{\r\n\tpadding:20px;\r\n\tborder: 1px solid #e6e6e6 !important;\r\n\tmargin-top: 0px;\r\n\tbackground-color:#ffffff !important;\r\n\tcolor: #000000 !important;\r\n\tfont-size:16px !important;\r\n\tfont-family: Open Sans !important;\r\n\t\r\n\t\tborder: 1px solid #e6e6e6 !important;\r\n\t}\r\n#tab_container_91 .wpsm_nav-tabs {\r\n    border-bottom: 0px solid #ddd;\r\n}\r\n#tab_container_91 .wpsm_nav-tabs > li.active > a, #tab_container_91 .wpsm_nav-tabs > li.active > a:hover, #tab_container_91 .wpsm_nav-tabs > li.active > a:focus {\r\n\tcolor: #000000 !important;\r\n\tcursor: default;\r\n\tbackground-color: #ffffff !important;\r\n\tborder: 1px solid #e6e6e6 !important;\r\n}\r\n\r\n#tab_container_91 .wpsm_nav-tabs > li > a {\r\n    margin-right: 0px !important; \r\n    line-height: 1.42857143 !important;\r\n    border: 1px solid #d5d5d5 !important;\r\n    border-radius: 0px 0px 0 0 !important; \r\n\tbackground-color: #e8e8e8 !important;\r\n\tcolor: #000000 !important;\r\n\tpadding: 15px 18px 15px 18px !important;\r\n\ttext-decoration: none !important;\r\n\tfont-size: 14px !important;\r\n\ttext-align:center !important;\r\n\tfont-family: Open Sans !important;\r\n}\r\n#tab_container_91 .wpsm_nav-tabs > li > a:focus {\r\noutline: 0px !important;\r\n}\r\n\r\n#tab_container_91 .wpsm_nav-tabs > li > a:before {\r\n\tdisplay:none !important;\r\n}\r\n#tab_container_91 .wpsm_nav-tabs > li > a:after {\r\n\tdisplay:none !important ;\r\n}\r\n#tab_container_91 .wpsm_nav-tabs > li{\r\npadding:0px !important ;\r\nmargin:0px;\r\n}\r\n\r\n#tab_container_91 .wpsm_nav-tabs > li > a:hover , #tab_container_91 .wpsm_nav-tabs > li > a:focus {\r\n    color: #000000 !important;\r\n    background-color: #e8e8e8 !important;\r\n\tborder: 1px solid #d5d5d5 !important;\r\n\t\r\n}\r\n#tab_container_91 .wpsm_nav-tabs > li > a .fa{\r\n\r\nmargin-right:5px !important;\r\n\r\nmargin-left:5px !important;\r\n\r\n\r\n}\r\n\r\n\t\t#tab_container_91 .wpsm_nav-tabs a{\r\n\t\t\tbackground-image: none;\r\n\t\t\tbackground-position: 0 0;\r\n\t\t\tbackground-repeat: repeat-x;\r\n\t\t}\r\n\t\t\t\r\n\r\n\r\n#tab_container_91 .wpsm_nav-tabs > li {\r\n    float: right;\r\n    margin-bottom: -1px !important;\r\n\tmargin-right:0px !important; \r\n}\r\n\r\n\r\n#tab_container_91 .tab-content{\r\noverflow:hidden !important;\r\n}\r\n\r\n\r\n@media (min-width: 769px) {\r\n\r\n\t#tab_container_91 .wpsm_nav-tabs > li{\r\n\tfloat:none !important;\r\n\t\t\tmargin-left:-1px !important;\r\n\t\t}\r\n\t#tab_container_91 .wpsm_nav-tabs{\r\n\tfloat:right !important;\r\n\tmargin:0px !important;\r\n\t}\r\n}\r\n\r\n#tab_container_91 .wpsm_nav-tabs > li {\r\n    \t\r\n}\r\n#tab_container_91 .wpsm_nav{\r\n\t}\r\n\r\n\r\n@media (max-width: 768px) {\r\n\t#tab_container_91 .wpsm_nav-tabs > li {\r\n\t\t\t\t\r\n\t}\r\n\t#tab_container_91 .wpsm_nav{\r\n\t\t\t}\r\n}\r\n\r\n\r\n\t.wpsm_nav-tabs li:before{\r\n\t\tdisplay:none !important;\r\n\t}\r\n\r\n\t@media (max-width: 768px) {\r\n\t\t\t\t\r\n\t\t\t\t.wpsm_nav-tabs{\r\n\t\t\tmargin-left:0px !important;\r\n\t\t\tmargin-right:0px !important; \r\n\t\t\t\r\n\t\t}\r\n\t\t\t\t#tab_container_91 .wpsm_nav-tabs > li{\r\n\t\t\tfloat:none !important;\r\n\t\t}\r\n\t\t\t\r\n\t}\t\t\t\t<\/style>\r\n\t\t\t\t<div id=\"tab_container_91\" >\r\n\t \r\n\t\t\t\t\t<ul class=\"wpsm_nav wpsm_nav-tabs\" role=\"tablist\" id=\"myTab_91\">\r\n\t\t\t\t\t\t\t\r\n\t\t\t\t\t\t\t<li role=\"presentation\"  class=\"active\"  onclick=\"do_resize()\">\r\n\t\t\t\t\t\t\t\t<a href=\"#tabs_desc_91_1\" aria-controls=\"tabs_desc_91_1\" role=\"tab\" data-toggle=\"tab\">\r\n\t\t\t\t\t\t\t\t\t\r\n\t\t\t\t\t\t\t\t\t\t\t\t\t\t\t\t\t\t\t\t\t\t\t\t\t\t\t\t\r\n\t\t\t\t\t\t\t\t\t\t\t\t\t\t\t\t\t\t\r\n\t\t\t\t\t\t\t\t\t<span>Mardi<\/span>\r\n\t\t\t\t\t\t\t\t\t\r\n\t\t\t\t\t\t\t\t\t\t\t\t\t\t\t\t\t\t\r\n\t\t\t\t\t\t\t\t\t\t\t\t\t\t\t\t\t\t\t\t\r\n\t\t\t\t\t\t\t\t\t\r\n\t\t\t\t\t\t\t\t<\/a>\r\n\t\t\t\t\t\t\t<\/li>\r\n\t\t\t\t\t\t\t\r\n\t\t\t\t\t\t\t<li role=\"presentation\"  onclick=\"do_resize()\">\r\n\t\t\t\t\t\t\t\t<a href=\"#tabs_desc_91_2\" aria-controls=\"tabs_desc_91_2\" role=\"tab\" data-toggle=\"tab\">\r\n\t\t\t\t\t\t\t\t\t\r\n\t\t\t\t\t\t\t\t\t\t\t\t\t\t\t\t\t\t\t\t\t\t\t\t\t\t\t\t\r\n\t\t\t\t\t\t\t\t\t\t\t\t\t\t\t\t\t\t\r\n\t\t\t\t\t\t\t\t\t<span>Mercredi<\/span>\r\n\t\t\t\t\t\t\t\t\t\r\n\t\t\t\t\t\t\t\t\t\t\t\t\t\t\t\t\t\t\r\n\t\t\t\t\t\t\t\t\t\t\t\t\t\t\t\t\t\t\t\t\r\n\t\t\t\t\t\t\t\t\t\r\n\t\t\t\t\t\t\t\t<\/a>\r\n\t\t\t\t\t\t\t<\/li>\r\n\t\t\t\t\t\t\t\r\n\t\t\t\t\t\t\t<li role=\"presentation\"  onclick=\"do_resize()\">\r\n\t\t\t\t\t\t\t\t<a href=\"#tabs_desc_91_3\" aria-controls=\"tabs_desc_91_3\" role=\"tab\" data-toggle=\"tab\">\r\n\t\t\t\t\t\t\t\t\t\r\n\t\t\t\t\t\t\t\t\t\t\t\t\t\t\t\t\t\t\t\t\t\t\t\t\t\t\t\t\r\n\t\t\t\t\t\t\t\t\t\t\t\t\t\t\t\t\t\t\r\n\t\t\t\t\t\t\t\t\t<span>Jeudi<\/span>\r\n\t\t\t\t\t\t\t\t\t\r\n\t\t\t\t\t\t\t\t\t\t\t\t\t\t\t\t\t\t\r\n\t\t\t\t\t\t\t\t\t\t\t\t\t\t\t\t\t\t\t\t\r\n\t\t\t\t\t\t\t\t\t\r\n\t\t\t\t\t\t\t\t<\/a>\r\n\t\t\t\t\t\t\t<\/li>\r\n\t\t\t\t\t\t\t\r\n\t\t\t\t\t\t\t<li role=\"presentation\"  onclick=\"do_resize()\">\r\n\t\t\t\t\t\t\t\t<a href=\"#tabs_desc_91_4\" aria-controls=\"tabs_desc_91_4\" role=\"tab\" data-toggle=\"tab\">\r\n\t\t\t\t\t\t\t\t\t\r\n\t\t\t\t\t\t\t\t\t\t\t\t\t\t\t\t\t\t\t\t\t\t\t\t\t\t\t\t\r\n\t\t\t\t\t\t\t\t\t\t\t\t\t\t\t\t\t\t\r\n\t\t\t\t\t\t\t\t\t<span>Vendredi<\/span>\r\n\t\t\t\t\t\t\t\t\t\r\n\t\t\t\t\t\t\t\t\t\t\t\t\t\t\t\t\t\t\r\n\t\t\t\t\t\t\t\t\t\t\t\t\t\t\t\t\t\t\t\t\r\n\t\t\t\t\t\t\t\t\t\r\n\t\t\t\t\t\t\t\t<\/a>\r\n\t\t\t\t\t\t\t<\/li>\r\n\t\t\t\t\t\t\t\r\n\t\t\t\t\t\t\t<li role=\"presentation\"  onclick=\"do_resize()\">\r\n\t\t\t\t\t\t\t\t<a href=\"#tabs_desc_91_5\" aria-controls=\"tabs_desc_91_5\" role=\"tab\" data-toggle=\"tab\">\r\n\t\t\t\t\t\t\t\t\t\r\n\t\t\t\t\t\t\t\t\t\t\t\t\t\t\t\t\t\t\t\t\t\t\t\t\t\t\t\t\r\n\t\t\t\t\t\t\t\t\t\t\t\t\t\t\t\t\t\t\r\n\t\t\t\t\t\t\t\t\t<span>Samedi<\/span>\r\n\t\t\t\t\t\t\t\t\t\r\n\t\t\t\t\t\t\t\t\t\t\t\t\t\t\t\t\t\t\r\n\t\t\t\t\t\t\t\t\t\t\t\t\t\t\t\t\t\t\t\t\r\n\t\t\t\t\t\t\t\t\t\r\n\t\t\t\t\t\t\t\t<\/a>\r\n\t\t\t\t\t\t\t<\/li>\r\n\t\t\t\t\t\t\t\t\t\t\t <\/ul>\r\n\r\n\t\t\t\t\t  <!-- Tab panes -->\r\n\t\t\t\t\t  <div class=\"tab-content\" id=\"tab-content_91\">\r\n\t\t\t\t\t\t\t\t\t\t\t\t <div role=\"tabpanel\" class=\"tab-pane  in active \" id=\"tabs_desc_91_1\">\r\n\t\t\t\t\t\t\t\t<ul>\r\n \t<li>Club des Jonquilles de 14h \u00e0 17h chaque 2\u00e8me et 4\u00e8me mardi du mois\r\n<a href=\"http:\/\/www.3emerive.fr\/?p=554\" target=\"_blank\" rel=\"noopener\"><img decoding=\"async\" class=\"alignnone size-full wp-image-535\" src=\"http:\/\/www.3emerive.fr\/wp-content\/uploads\/2023\/02\/club-des_jonquilles.jpg\" alt=\"\" \/><\/a><\/li>\r\n \t<li>atelier machin<\/li>\r\n \t<li><img loading=\"lazy\" decoding=\"async\" class=\"alignnone size-medium wp-image-745\" src=\"http:\/\/www.3emerive.fr\/wp-content\/uploads\/2023\/09\/Soiree-dansante-19-septembre-2023-135x300.jpg\" alt=\"\" width=\"135\" height=\"300\" \/><\/li>\r\n<\/ul>\t\t\t\t\t\t <\/div>\r\n\t\t\t\t\t\t\t\t\t\t\t\t <div role=\"tabpanel\" class=\"tab-pane \" id=\"tabs_desc_91_2\">\r\n\t\t\t\t\t\t\t\t\t<li>Ouverture au public de 18h \u00e0 22h chaque mercredi<br><a href=\"http:\/\/www.3emerive.fr\/?p=563\" rel=\"noopener\" target=\"_blank\"><img decoding=\"async\" src=\"http:\/\/www.3emerive.fr\/wp-content\/uploads\/2023\/02\/ouverture_mercredi.jpg\" alt=\"\" class=\"alignnone size-full wp-image-543\" \/><\/a><\/li>\r\n\t\t\t\t\t\t <\/div>\r\n\t\t\t\t\t\t\t\t\t\t\t\t <div role=\"tabpanel\" class=\"tab-pane \" id=\"tabs_desc_91_3\">\r\n\t\t\t\t\t\t\t\t\t<li>Atelier couture de 20 \u00e0 22h<br><a href=\"http:\/\/www.3emerive.fr\" rel=\"noopener\" target=\"_blank\"><img loading=\"lazy\" decoding=\"async\" src=\"http:\/\/www.3emerive.fr\/wp-content\/uploads\/2023\/08\/Atelier-couture_20230821_125636_0000.png\" alt=\"\" width=\"417\" height=\"350\" class=\"alignnone size-full wp-image-528\" \/><\/a><\/li>\r\n<li> \u00c9changes avec le Conseil de D\u00e9veloppement de la CAE\r\nDe 18h00 \u00e0 20h00 chaque 2\u00e8me et 4\u00e8me jeudi du mois.<a href=\"http:\/\/www.3emerive.fr\" rel=\"noopener\" target=\"_blank\"><\/a><\/li>\r\n\t\r\n\t<li>Les permanences du num\u00e9rique de 10h \u00e0 13h chaque jeudi<br><a href=\"http:\/\/www.3emerive.fr\/?p=560\" rel=\"noopener\" target=\"_blank\"><img decoding=\"async\" src=\"http:\/\/www.3emerive.fr\/wp-content\/uploads\/2023\/02\/les_permanences_numerique.jpg\" alt=\"\" class=\"alignnone size-full wp-image-542\" \/><\/a><\/li>\r\n\t<li>Les atelier ''Contes, \u00e9criture, Slam'' \u00e0 partir de 19h30 chaque jeudi<\/li>\r\n\r\nSample Description\t\t\t\t\t\t <\/div>\r\n\t\t\t\t\t\t\t\t\t\t\t\t <div role=\"tabpanel\" class=\"tab-pane \" id=\"tabs_desc_91_4\">\r\n\t\t\t\t\t\t\t\t<ul>\r\n \t<li>Temps d'\u00e9change autour des b\u00e9b\u00e9s : tous les vendredis de 16h \u00e0 18h<\/li>\r\n<\/ul>\r\n\r\n\u00a0\r\n<ul>\r\n \t<li><a href=\"http:\/\/www.3emerive.fr\/?p=634\" rel=\"noopener\" target=\"_blank\"><img loading=\"lazy\" decoding=\"async\" class=\"alignnone wp-image-647\" src=\"http:\/\/www.3emerive.fr\/wp-content\/uploads\/2023\/03\/IMG-20230308-WA0000-1.jpg\" alt=\"\" width=\"448\" height=\"634\" \/><\/li>\r\n<\/ul>\t\t\t\t\t\t <\/div>\r\n\t\t\t\t\t\t\t\t\t\t\t\t <div role=\"tabpanel\" class=\"tab-pane \" id=\"tabs_desc_91_5\">\r\n\t\t\t\t\t\t\t\t\t<li>Conversation en Anglais chaque samedi \u00e0 17h<br><a href=\"http:\/\/www.3emerive.fr\/?p=556\" rel=\"noopener\" target=\"_blank\"><img decoding=\"async\" src=\"http:\/\/www.3emerive.fr\/wp-content\/uploads\/2023\/02\/conversation_anglais.jpg\" alt=\"\" class=\"alignnone size-full wp-image-538\" \/><\/a><\/li>\r\n\r\n\t<li>Conversation en Cor\u00e9en chaque samedi \u00e0 16h<br><a href=\"http:\/\/www.3emerive.fr\/?p=558\" rel=\"noopener\" target=\"_blank\"><img decoding=\"async\" src=\"http:\/\/www.3emerive.fr\/wp-content\/uploads\/2023\/02\/conversation_coreen.jpg\" alt=\"\" class=\"alignnone size-full wp-image-539\" \/><\/a><\/li>\r\n\r\n\r\n\t<li>Conversation en Fran\u00e7ais chaque samedi \u00e0 15 <br><a href=\"http:\/\/www.3emerive.fr\" rel=\"noopener\" target=\"_blank\"><img decoding=\"async\" src=\"http:\/\/www.3emerive.fr\/wp-content\/uploads\/2023\/02\/conversation_en_francais.jpg\" alt=\"\" class=\"alignnone size-full wp-image-540\" \/><\/a><\/li>\r\n\t<li>Ouverture au public de 14h \u00e0 19h<br><a href=\"http:\/\/www.3emerive.fr\/?p=567\" rel=\"noopener\" target=\"_blank\"><img decoding=\"async\" src=\"http:\/\/www.3emerive.fr\/wp-content\/uploads\/2023\/02\/ouverture_public_samedi.jpg\" alt=\"\" class=\"alignnone size-full wp-image-541\" \/><\/a><\/li>\r\n\r\n\t\t\t\t\t\t <\/div>\r\n\t\t\t\t\t\t\t\r\n\t\t\t\t\t <\/div>\r\n\t\t\t\t\t \r\n\t\t\t\t <\/div>\r\n <script>\r\n\t\tjQuery(function () {\r\n\t\t\tjQuery('#myTab_91 a:first').tab('show')\r\n\t\t});\r\n\t\t\r\n\t\t\t\tjQuery(function(){\r\n\t\t\tvar b=\"fadeIn\";\r\n\t\t\tvar c;\r\n\t\t\tvar a;\r\n\t\t\td(jQuery(\"#myTab_91 a\"),jQuery(\"#tab-content_91\"));function d(e,f,g){\r\n\t\t\t\te.click(function(i){\r\n\t\t\t\t\ti.preventDefault();\r\n\t\t\t\t\tjQuery(this).tab(\"show\");\r\n\t\t\t\t\tvar h=jQuery(this).data(\"easein\");\r\n\t\t\t\t\tif(c){c.removeClass(a);}\r\n\t\t\t\t\tif(h){f.find(\"div.active\").addClass(\"animated \"+h);a=h;}\r\n\t\t\t\t\telse{if(g){f.find(\"div.active\").addClass(\"animated \"+g);a=g;}else{f.find(\"div.active\").addClass(\"animated \"+b);a=b;}}c=f.find(\"div.active\");\r\n\t\t\t\t});\r\n\t\t\t}\r\n\t\t});\r\n\t\t\r\n\r\n\t\tfunction do_resize(){\r\n\r\n\t\t\tvar width=jQuery( '.tab-content .tab-pane iframe' ).width();\r\n\t\t\tvar height=jQuery( '.tab-content .tab-pane iframe' ).height();\r\n\r\n\t\t\tvar toggleSize = true;\r\n\t\t\tjQuery('iframe').animate({\r\n\t\t\t    width: toggleSize ? width : 640,\r\n\t\t\t    height: toggleSize ? height : 360\r\n\t\t\t  }, 250);\r\n\r\n\t\t\t  toggleSize = !toggleSize;\r\n\t\t}\r\n\r\n\r\n\t<\/script>\r\n\t\t\t\t\r\n\t\t\t\n","protected":false},"excerpt":{"rendered":"","protected":false},"author":1,"featured_media":0,"parent":0,"menu_order":0,"comment_status":"closed","ping_status":"closed","template":"","meta":{"footnotes":""},"class_list":["post-82","page","type-page","status-publish","hentry"],"blocksy_meta":[],"_links":{"self":[{"href":"https:\/\/ailleurs-epinal.fr\/index.php\/wp-json\/wp\/v2\/pages\/82","targetHints":{"allow":["GET"]}}],"collection":[{"href":"https:\/\/ailleurs-epinal.fr\/index.php\/wp-json\/wp\/v2\/pages"}],"about":[{"href":"https:\/\/ailleurs-epinal.fr\/index.php\/wp-json\/wp\/v2\/types\/page"}],"author":[{"embeddable":true,"href":"https:\/\/ailleurs-epinal.fr\/index.php\/wp-json\/wp\/v2\/users\/1"}],"replies":[{"embeddable":true,"href":"https:\/\/ailleurs-epinal.fr\/index.php\/wp-json\/wp\/v2\/comments?post=82"}],"version-history":[{"count":2,"href":"https:\/\/ailleurs-epinal.fr\/index.php\/wp-json\/wp\/v2\/pages\/82\/revisions"}],"predecessor-version":[{"id":93,"href":"https:\/\/ailleurs-epinal.fr\/index.php\/wp-json\/wp\/v2\/pages\/82\/revisions\/93"}],"wp:attachment":[{"href":"https:\/\/ailleurs-epinal.fr\/index.php\/wp-json\/wp\/v2\/media?parent=82"}],"curies":[{"name":"wp","href":"https:\/\/api.w.org\/{rel}","templated":true}]}}