{"id":50,"date":"2023-11-05T13:48:28","date_gmt":"2023-11-05T12:48:28","guid":{"rendered":"https:\/\/ailleurs-epinal.fr\/?page_id=50"},"modified":"2023-11-05T15:54:43","modified_gmt":"2023-11-05T14:54:43","slug":"reservation-de-salles","status":"publish","type":"page","link":"https:\/\/ailleurs-epinal.fr\/index.php\/reservation-de-salles\/","title":{"rendered":"R\u00e9servation de salles"},"content":{"rendered":"\n<figure class=\"wp-block-image size-large is-style-rounded\"><img loading=\"lazy\" decoding=\"async\" width=\"1024\" height=\"729\" src=\"https:\/\/ailleurs-epinal.fr\/wp-content\/uploads\/2023\/11\/Plan-local-AILLEURS-1024x729.png\" alt=\"\" class=\"wp-image-69\" srcset=\"https:\/\/ailleurs-epinal.fr\/wp-content\/uploads\/2023\/11\/Plan-local-AILLEURS-1024x729.png 1024w, https:\/\/ailleurs-epinal.fr\/wp-content\/uploads\/2023\/11\/Plan-local-AILLEURS-300x214.png 300w, https:\/\/ailleurs-epinal.fr\/wp-content\/uploads\/2023\/11\/Plan-local-AILLEURS-768x547.png 768w, https:\/\/ailleurs-epinal.fr\/wp-content\/uploads\/2023\/11\/Plan-local-AILLEURS-1536x1093.png 1536w, https:\/\/ailleurs-epinal.fr\/wp-content\/uploads\/2023\/11\/Plan-local-AILLEURS.png 1672w\" sizes=\"auto, (max-width: 1024px) 100vw, 1024px\" \/><\/figure>\n\n\n\n<p><a href=\"https:\/\/ailleurs-epinal.fr\/index.php\/reservation-salle-du-millieu\/\" data-type=\"page\" data-id=\"84\">R\u00e9servation salle du millieu<\/a><\/p>\n\n\n\n<p><a href=\"https:\/\/ailleurs-epinal.fr\/index.php\/reservation-bar\/\" data-type=\"page\" data-id=\"85\">R\u00e9servation Bar<\/a><\/p>\n\n\n\n<p><a href=\"https:\/\/ailleurs-epinal.fr\/?page_id=88\" data-type=\"link\" data-id=\"https:\/\/ailleurs-epinal.fr\/?page_id=88\">R\u00e9servation Bocal<\/a><\/p>\n","protected":false},"excerpt":{"rendered":"<p>R\u00e9servation salle du millieu R\u00e9servation Bar R\u00e9servation Bocal<\/p>\n","protected":false},"author":1,"featured_media":0,"parent":0,"menu_order":0,"comment_status":"closed","ping_status":"closed","template":"","meta":{"footnotes":""},"class_list":["post-50","page","type-page","status-publish","hentry"],"blocksy_meta":[],"_links":{"self":[{"href":"https:\/\/ailleurs-epinal.fr\/index.php\/wp-json\/wp\/v2\/pages\/50","targetHints":{"allow":["GET"]}}],"collection":[{"href":"https:\/\/ailleurs-epinal.fr\/index.php\/wp-json\/wp\/v2\/pages"}],"about":[{"href":"https:\/\/ailleurs-epinal.fr\/index.php\/wp-json\/wp\/v2\/types\/page"}],"author":[{"embeddable":true,"href":"https:\/\/ailleurs-epinal.fr\/index.php\/wp-json\/wp\/v2\/users\/1"}],"replies":[{"embeddable":true,"href":"https:\/\/ailleurs-epinal.fr\/index.php\/wp-json\/wp\/v2\/comments?post=50"}],"version-history":[{"count":5,"href":"https:\/\/ailleurs-epinal.fr\/index.php\/wp-json\/wp\/v2\/pages\/50\/revisions"}],"predecessor-version":[{"id":90,"href":"https:\/\/ailleurs-epinal.fr\/index.php\/wp-json\/wp\/v2\/pages\/50\/revisions\/90"}],"wp:attachment":[{"href":"https:\/\/ailleurs-epinal.fr\/index.php\/wp-json\/wp\/v2\/media?parent=50"}],"curies":[{"name":"wp","href":"https:\/\/api.w.org\/{rel}","templated":true}]}}