{"id":42,"date":"2023-11-05T13:26:44","date_gmt":"2023-11-05T12:26:44","guid":{"rendered":"https:\/\/ailleurs-epinal.fr\/?page_id=42"},"modified":"2023-11-08T10:11:19","modified_gmt":"2023-11-08T09:11:19","slug":"qui-sommes-nous","status":"publish","type":"page","link":"https:\/\/ailleurs-epinal.fr\/index.php\/qui-sommes-nous\/","title":{"rendered":"Qui sommes nous ?"},"content":{"rendered":"\n<div class=\"wp-block-columns is-layout-flex wp-container-core-columns-is-layout-28f84493 wp-block-columns-is-layout-flex\">\n<div class=\"wp-block-column is-layout-flow wp-block-column-is-layout-flow\">\n<figure class=\"wp-block-image size-full is-resized is-style-rounded\"><a href=\"http:\/\/www.3emerive.fr\/\" target=\"_blank\" rel=\"noreferrer noopener\"><img loading=\"lazy\" decoding=\"async\" width=\"570\" height=\"324\" src=\"http:\/\/ailleurs-epinal.fr\/wp-content\/uploads\/2023\/11\/LOGO-3eme-rive.png\" alt=\"\" class=\"wp-image-46\" style=\"aspect-ratio:1.7592592592592593;width:197px;height:auto\" srcset=\"https:\/\/ailleurs-epinal.fr\/wp-content\/uploads\/2023\/11\/LOGO-3eme-rive.png 570w, https:\/\/ailleurs-epinal.fr\/wp-content\/uploads\/2023\/11\/LOGO-3eme-rive-300x171.png 300w\" sizes=\"auto, (max-width: 570px) 100vw, 570px\" \/><\/a><\/figure>\n<\/div>\n\n\n\n<div class=\"wp-block-column is-layout-flow wp-block-column-is-layout-flow\">\n<figure class=\"wp-block-image size-full\"><a href=\"https:\/\/ccfd-terresolidaire.org\/\" target=\"_blank\" rel=\"noreferrer noopener\"><img loading=\"lazy\" decoding=\"async\" width=\"303\" height=\"167\" src=\"https:\/\/ailleurs-epinal.fr\/wp-content\/uploads\/2023\/11\/ccfd.png\" alt=\"\" class=\"wp-image-52\" srcset=\"https:\/\/ailleurs-epinal.fr\/wp-content\/uploads\/2023\/11\/ccfd.png 303w, https:\/\/ailleurs-epinal.fr\/wp-content\/uploads\/2023\/11\/ccfd-300x165.png 300w\" sizes=\"auto, (max-width: 303px) 100vw, 303px\" \/><\/a><\/figure>\n<\/div>\n\n\n\n<div class=\"wp-block-column is-layout-flow wp-block-column-is-layout-flow\">\n<figure class=\"wp-block-image size-full is-resized\"><a href=\"https:\/\/epinal-en-transition.fr\/\" target=\"_blank\" rel=\"noreferrer noopener\"><img decoding=\"async\" src=\"https:\/\/ailleurs-epinal.fr\/wp-content\/uploads\/2023\/11\/epinal_en_transition.png\" alt=\"\" class=\"wp-image-53\" style=\"aspect-ratio:1;width:163px;height:auto\"\/><\/a><\/figure>\n<\/div>\n\n\n\n<div class=\"wp-block-column is-layout-flow wp-block-column-is-layout-flow\">\n<figure class=\"wp-block-image size-full is-resized\"><a href=\"https:\/\/colibris-wiki.org\/reseaudetres\/?PagePrincipale\" target=\"_blank\" rel=\"noreferrer noopener\"><img loading=\"lazy\" decoding=\"async\" width=\"270\" height=\"187\" src=\"https:\/\/ailleurs-epinal.fr\/wp-content\/uploads\/2023\/11\/reseau_d_etre.png\" alt=\"\" class=\"wp-image-56\" style=\"aspect-ratio:1.4438502673796791;width:173px;height:auto\"\/><\/a><\/figure>\n<\/div>\n\n\n\n<div class=\"wp-block-column is-layout-flow wp-block-column-is-layout-flow\">\n<figure class=\"wp-block-image size-full is-resized is-style-rounded\"><a href=\"https:\/\/www.lespetitsdebrouillardsgrandest.org\/\" target=\"_blank\" rel=\"noreferrer noopener\"><img decoding=\"async\" src=\"http:\/\/ailleurs-epinal.fr\/wp-content\/uploads\/2023\/11\/petit_debrouillards.png\" alt=\"\" class=\"wp-image-49\" style=\"aspect-ratio:1;width:159px;height:auto\"\/><\/a><\/figure>\n<\/div>\n<\/div>\n\n\n\n<p><\/p>\n\n\n\n<p><br>Extrait d\u2019un livre de Caroline LAURENT<br>\u00ab&#8230; Je pr\u00e9f\u00e8re parler d\u2019espoir.<br>L\u2019espoir, c\u2019est l\u2019ordinaire tel qu\u2019il devrait toujours \u00eatre : tourn\u00e9 vers un ailleurs.<br>Pas dans un but ni un objectif, non, un ailleurs.<br>Un lieu secret dans lequel, enfin, chacun trouverait sa place.<br>Un lieu juste. Le mien existe&#8230;. \u00bb<br><\/p>\n\n\n\n<p><br>Ce nouvel espace de pr\u00e8s de 600 m2 est cog\u00e9r\u00e9 et co-anim\u00e9 par cinq associations :<br><\/p>\n\n\n\n<ul class=\"wp-block-list\">\n<li>3\u00e8me Rive (caf\u00e9 associatif),<\/li>\n\n\n\n<li>Les Petits D\u00e9brouillards Grand Est (\u00c9duc.populaire)<\/li>\n\n\n\n<li>CCFD Terre Solidaire (Comit\u00e9 Catholique Contre la Faim et pour le D\u00e9veloppement),<\/li>\n\n\n\n<li>\u00c9pinal En Transition (\u00c9cologie) <\/li>\n\n\n\n<li>le Collectif R\u00e9seau d\u2019\u00catres (\u00c9duc. populaire).<br><br>Ce collectif partage principalement des valeurs d&rsquo;accueil, d&rsquo;\u00e9coute, de respect, d&rsquo;\u00e9change<br>de solidarit\u00e9 et de la\u00efcit\u00e9.<br><\/li>\n<\/ul>\n\n\n\n<p>Ce tiers-lieu permet d\u2019exp\u00e9rimenter aventures collectives et initiatives locales.<br>Il offre un espace o\u00f9 la rencontre physique, le lien, l&rsquo;\u00e9mancipation individuelle et collective,<br>l&rsquo;\u00e9mergence de projets citoyens et responsables sont \u00e0 l\u2019honneur.<br>Le tout dans une ambiance conviviale et ouverte, afin de favoriser le faire et le bien-vivre<br>ensemble.<\/p>\n\n\n\n<p><br>Envie d\u2019ailleurs ? Alors, n\u2019h\u00e9sitez pas \u00e0 venir d\u00e9couvrir ce nouveau lieu !<br>\u2022Lieu de rencontres et d\u2019animations.<br>\u2022Donner \u00e0 chacun-e un endroit o\u00f9 il-elle peut s\u2019exprimer, cr\u00e9er, partager, transmettre,<br>\u00e9changer, grandir.<br>\u2022Soutenir chacun-e dans sa d\u00e9marche d\u2019\u00ab acteur \u00bb.<br>\u2022Rassembler et soutenir les diff\u00e9rentes initiatives ayant un lien avec la transition,<br>le mieux vivre ensemble et l\u2019\u00e9change.<br>\u2022Rassembler et relier les associations, les citoyen-ne-s et les structures ayant un objectif<br>commun dans une d\u00e9marche sociale et durable.<br>\u2022Faire connaitre les alternatives citoyennes, solidaires et durables au plus grand nombre.<br>\u2022Favoriser et valoriser une d\u00e9marche responsable au sein d&rsquo;AILLEURS :<br>circuits courts, mat\u00e9riaux, mat\u00e9riel d\u2019occasion, tri, alimentation, \u00e9nergie&#8230;<a href=\"https:\/\/fr.wikipedia.org\/wiki\/Tiers-lieu\" target=\"_blank\" rel=\"noreferrer noopener\"><\/a><\/p>\n\n\n\n<p><\/p>\n\n\n\n<p><\/p>\n\n\n\n<p><\/p>\n\n\n\n<p><\/p>\n","protected":false},"excerpt":{"rendered":"<p>Extrait d\u2019un livre de Caroline LAURENT\u00ab&#8230; Je pr\u00e9f\u00e8re parler d\u2019espoir.L\u2019espoir, c\u2019est l\u2019ordinaire tel qu\u2019il devrait toujours \u00eatre : tourn\u00e9 vers un ailleurs.Pas dans un but ni un objectif, non, un ailleurs.Un lieu secret dans lequel, enfin, chacun trouverait sa place.Un lieu juste. Le mien existe&#8230;. \u00bb Ce nouvel espace de pr\u00e8s de 600 m2 est [&hellip;]<\/p>\n","protected":false},"author":1,"featured_media":0,"parent":0,"menu_order":0,"comment_status":"closed","ping_status":"closed","template":"","meta":{"footnotes":""},"class_list":["post-42","page","type-page","status-publish","hentry"],"blocksy_meta":[],"_links":{"self":[{"href":"https:\/\/ailleurs-epinal.fr\/index.php\/wp-json\/wp\/v2\/pages\/42","targetHints":{"allow":["GET"]}}],"collection":[{"href":"https:\/\/ailleurs-epinal.fr\/index.php\/wp-json\/wp\/v2\/pages"}],"about":[{"href":"https:\/\/ailleurs-epinal.fr\/index.php\/wp-json\/wp\/v2\/types\/page"}],"author":[{"embeddable":true,"href":"https:\/\/ailleurs-epinal.fr\/index.php\/wp-json\/wp\/v2\/users\/1"}],"replies":[{"embeddable":true,"href":"https:\/\/ailleurs-epinal.fr\/index.php\/wp-json\/wp\/v2\/comments?post=42"}],"version-history":[{"count":12,"href":"https:\/\/ailleurs-epinal.fr\/index.php\/wp-json\/wp\/v2\/pages\/42\/revisions"}],"predecessor-version":[{"id":102,"href":"https:\/\/ailleurs-epinal.fr\/index.php\/wp-json\/wp\/v2\/pages\/42\/revisions\/102"}],"wp:attachment":[{"href":"https:\/\/ailleurs-epinal.fr\/index.php\/wp-json\/wp\/v2\/media?parent=42"}],"curies":[{"name":"wp","href":"https:\/\/api.w.org\/{rel}","templated":true}]}}