{"id":27,"date":"2023-11-05T13:10:53","date_gmt":"2023-11-05T12:10:53","guid":{"rendered":"https:\/\/ailleurs-epinal.fr\/?page_id=27"},"modified":"2023-11-05T13:18:44","modified_gmt":"2023-11-05T12:18:44","slug":"liste-des-evenements","status":"publish","type":"page","link":"https:\/\/ailleurs-epinal.fr\/index.php\/liste-des-evenements\/","title":{"rendered":"Liste des \u00e9v\u00e8nements"},"content":{"rendered":"<div class=\"event_listings\" data-location=\"\" data-keywords=\"\" data-show_filters=\"true\" data-show_pagination=\"false\" data-per_page=\"10\" data-orderby=\"meta_value\" data-order=\"ASC\" data-datetimes=\"\" data-categories=\"\" data-event_types=\"\" data-ticket_prices=\"\" data-event_online=\"\" >\n<form class=\"wpem-main wpem-form-wrapper wpem-event-filter-wrapper event_filters\" id=\"event_filters\">\n\t\t<div class=\"search_events search-form-container\">\n\t\t\t\t<div class=\"wpem-row\">\n\t\t\t<!-- Search by keywords section start -->\n\t\t\t<div class=\"wpem-col\">\n\t\t\t\t<!-- shows default keywords text field  start-->\n\t\t\t\t<div class=\"wpem-form-group\">\n\t\t\t\t\t<label for=\"search_keywords\" class=\"wpem-form-label\">Mots-cl\u00e9s<\/label>\n\t\t\t\t\t<input type=\"text\" name=\"search_keywords\" id=\"search_keywords\" placeholder=\"Mots-cl\u00e9s\" value=\"\" \/>\n\t\t\t\t<\/div>\n\t\t\t\t<!-- shows default keywords text field end -->\n\t\t\t<\/div>\n\t\t\t<!-- Search by keywords section end-->\n\n\t\t\t<!-- Search by location section start -->\n\t\t\t<div class=\"wpem-col\">\n\t\t\t\t<div class=\"wpem-form-group wpem-location-container\">\n\t\t\t\t\t<label for=\"search_location\" class=\"wpem-form-label\">Lieu<\/label>\n\t\t\t\t\t<input type=\"text\" name=\"search_location\" id=\"search_location\" placeholder=\"Lieu\" value=\"\" \/>\n\t\t\t\t<\/div>\n\t\t\t<\/div>\n\t\t\t<!-- Search by location section end -->\n\n\t\t\t<!-- Search by date section start -->\n\t\t\t\n\t\t\t\t<div class=\"wpem-col\">\n\t\t\t\t\t<div class=\"wpem-form-group\">\n\t\t\t\t\t\t<label for=\"search_datetimes\" class=\"wpem-form-label\">N\u2019importe quelles dates<\/label>\n\t\t\t\t\t\t<input type=\"text\" name=\"search_datetimes[]\" id=\"search_datetimes\" value='' class=\"event-manager-category-dropdown date_range_picker\">\n\t\t\t\t\t<\/div>\n\t\t\t\t<\/div>\n\t\t\t\t\t\t<!-- Search by date section end -->\n\n\t\t<\/div> <!-- \/row -->\n\t\t<div class=\"wpem-row\">\n\t\t\t<!-- Search by event categories section start -->\n\t\t\t\t\t\t\t<div class=\"wpem-col\">\n\t\t\t\t\t<div class=\"wpem-form-group\">\n\t\t\t\t\t\t<label for=\"search_categories\" class=\"wpem-form-label\">Cat\u00e9gorie<\/label>\n\t\t\t\t\t\t<select name='search_categories[]' id='search_categories' class='event-manager-category-dropdown'  data-placeholder='Choisissez une cat\u00e9gorie' data-no_results_text='Aucun r\u00e9sultat ne correspond' data-multiple_text='Choisir la ou les cat\u00e9gori(e)s'>\n<option value=\"\">Choisir une cat\u00e9gorie\u00a0d\u2019\u00e9v\u00e8nement<\/option>\t<option class=\"level-0\" value=\"business-professional\">Business &amp; Professional<\/option>\n\t<option class=\"level-0\" value=\"charity-causes\">Charity &amp; Causes<\/option>\n\t<option class=\"level-0\" value=\"community-culture\">Community &amp; Culture<\/option>\n\t<option class=\"level-0\" value=\"family-education\">Family &amp; Education<\/option>\n\t<option class=\"level-0\" value=\"fashion-beauty\">Fashion &amp; Beauty<\/option>\n\t<option class=\"level-0\" value=\"film-media-entertainment\">Film, Media &amp; Entertainment<\/option>\n\t<option class=\"level-0\" value=\"food-drink\">Food &amp; Drink<\/option>\n\t<option class=\"level-0\" value=\"game-or-competition\">Game or Competition<\/option>\n\t<option class=\"level-0\" value=\"other\">Other<\/option>\n\t<option class=\"level-0\" value=\"performing-visual-arts\">Performing &amp; Visual Arts<\/option>\n\t<option class=\"level-0\" value=\"science-technology\">Science &amp; Technology<\/option>\n\t<option class=\"level-0\" value=\"sports-fitness\">Sports &amp; Fitness<\/option>\n<\/select>\n\t\t\t\t\t<\/div>\n\t\t\t\t<\/div>\n\t\t\t\t\t\t<!-- Search by event categories section end -->\n\n\t\t\t<!-- Search by event type section start -->\n\t\t\t\t\t\t\t<div class=\"wpem-col\">\n\t\t\t\t\t<div class=\"wpem-form-group\">\n\t\t\t\t\t\t<label for=\"search_event_types\" class=\"wpem-form-label\">Type d\u2019\u00e9v\u00e8nement<\/label>\n\t\t\t\t\t\t<select name='search_event_types[]' id='search_event_types' class='event-manager-category-dropdown'  data-placeholder='Choisir un type d\u2019\u00e9v\u00e8nement' data-no_results_text='Aucun r\u00e9sultat ne correspond' data-multiple_text='Choisir les types d\u2019\u00e9v\u00e8nement'>\n<option value=\"\">Choisissez un type d\u2019\u00e9v\u00e8nement<\/option>\t<option class=\"level-0\" value=\"appearance-or-signing\">Appearance or Signing<\/option>\n\t<option class=\"level-0\" value=\"attraction\">Attraction<\/option>\n\t<option class=\"level-0\" value=\"camp-trip-or-retreat\">Camp, Trip, or Retreat<\/option>\n\t<option class=\"level-0\" value=\"class-training-or-workshop\">Class, Training, or Workshop<\/option>\n\t<option class=\"level-0\" value=\"concert-or-performance\">Concert or Performance<\/option>\n\t<option class=\"level-0\" value=\"conference\">Conference<\/option>\n\t<option class=\"level-0\" value=\"convention\">Convention<\/option>\n\t<option class=\"level-0\" value=\"dinner-or-gala\">Dinner or Gala<\/option>\n\t<option class=\"level-0\" value=\"festival-or-fair\">Festival or Fair<\/option>\n\t<option class=\"level-0\" value=\"game-or-competition\">Game or Competition<\/option>\n\t<option class=\"level-0\" value=\"meeting-or-networking-event\">Meeting or Networking Event<\/option>\n\t<option class=\"level-0\" value=\"other\">Other<\/option>\n\t<option class=\"level-0\" value=\"party-or-social-gathering\">Party or Social Gathering<\/option>\n\t<option class=\"level-0\" value=\"race-or-endurance-event\">Race or Endurance Event<\/option>\n\t<option class=\"level-0\" value=\"rally\">Rally<\/option>\n\t<option class=\"level-0\" value=\"screening\">Screening<\/option>\n\t<option class=\"level-0\" value=\"seminar-or-talk\">Seminar or Talk<\/option>\n\t<option class=\"level-0\" value=\"tour\">Tour<\/option>\n\t<option class=\"level-0\" value=\"tournament\">Tournament<\/option>\n\t<option class=\"level-0\" value=\"tradeshow-consumer-show-or-expo\">Tradeshow, Consumer Show or Expo<\/option>\n<\/select>\n\t\t\t\t\t<\/div>\n\t\t\t\t<\/div>\n\t\t\t\t\t\t<!-- Search by event type section end -->\n\t\t<\/div> <!-- \/row -->\n\n\t\t\n\t<\/div>\n\t<div class=\"showing_applied_filters\"><\/div><\/form>\n<noscript>Votre navigateur ne supporte pas JavaScript, ou il est d\u00e9sactiv\u00e9. JavaScript doit \u00eatre activ\u00e9 pour voir les annonces.<\/noscript><div class=\"wpem-main wpem-event-listings-header\">\r\n    <div class=\"wpem-row\">\r\n        <div class=\"wpem-col wpem-col-12 wpem-col-sm-6 wpem-col-md-6 wpem-col-lg-8\">\r\n            <div class=\"wpem-event-listing-header-title\">\r\n                                    <h2 class=\"wpem-heading-text\">\u00c9v\u00e8nements<\/h2>\r\n                            <\/div>\r\n        <\/div>\r\n        <div class=\"wpem-col wpem-col-12 wpem-col-sm-6 wpem-col-md-6 wpem-col-lg-4\">\r\n            <div class=\"wpem-event-layout-action-wrapper\">\r\n                <div class=\"wpem-event-layout-action\">\r\n                                                                    <div class=\"wpem-event-layout-icon wpem-event-box-layout\" title=\"Vue en bo\u00eete d\u2019\u00e9v\u00e8nements\" id=\"wpem-event-box-layout\"><i class=\"wpem-icon-stop2\"><\/i><\/div>\r\n                        <div class=\"wpem-event-layout-icon wpem-event-list-layout wpem-active-layout\" title=\"Vue en liste des \u00e9v\u00e8nements\" id=\"wpem-event-list-layout\"><i class=\"wpem-icon-menu\"><\/i><\/div>\r\n                                                            <\/div>\r\n            <\/div>\r\n        <\/div>\r\n    <\/div>\r\n<\/div>\r\n\r\n<!-- Event listing view -->\r\n<div class=\"event_listings_main\">\r\n    <div id=\"event-listing-view\" class=\"wpem-main wpem-event-listings event_listings wpem-event-listing-list-view\" data-id=\"all\"><div class=\"wpem-event-box-col wpem-col wpem-col-12 wpem-col-md-6 wpem-col-lg-4\">\n    <!----- wpem-col-lg-4 value can be change by admin settings ------->\n    <div class=\"wpem-event-layout-wrapper\">\n        <div class=\"event_listing post-23 type-event_listing status-expired has-post-thumbnail hentry\">\n            <a href=\"https:\/\/ailleurs-epinal.fr\/index.php\/\u00e9v\u00e8nement\/23\/\" class=\"wpem-event-action-url event-style-color \">\n                <div class=\"wpem-event-banner\">\n                    <div class=\"wpem-event-banner-img\" style=\"background-image: url(https:\/\/ailleurs-epinal.fr\/wp-content\/uploads\/2023\/11\/20200829-boules-1.jpg)\">\n                        <!-- Hide in list View \/\/ Show in Box View -->\n                                                <div class=\"wpem-event-date\">\n                            <div class=\"wpem-event-date-type\">\n                                                                    <div class=\"wpem-from-date\">\n                                        <div class=\"wpem-date\">08<\/div>\n                                        <div class=\"wpem-month\">Nov<\/div>\n                                    <\/div>\n                                                            <\/div>\n                        <\/div>\n                        <!-- Hide in list View \/\/ Show in Box View -->\n                    <\/div>\n                <\/div>\n\n                <div class=\"wpem-event-infomation\">\n                    <div class=\"wpem-event-date\">\n                        <div class=\"wpem-event-date-type\">\n                                                            <div class=\"wpem-from-date\">\n                                    <div class=\"wpem-date\">08<\/div>\n                                    <div class=\"wpem-month\">Nov<\/div>\n                                <\/div>\n                                                            <div class=\"wpem-to-date\">\n                                    <div class=\"wpem-date-separator\">-<\/div>\n                                    <div class=\"wpem-date\">12<\/div>\n                                    <div class=\"wpem-month\">Nov<\/div>\n                                <\/div>\n                                                    <\/div>\n                    <\/div>\n\n                    <div class=\"wpem-event-details\">\n                                                <div class=\"wpem-event-title\">\n                            <h3 class=\"wpem-heading-text\"><\/h3>\n                        <\/div>\n\n                        <div class=\"wpem-event-date-time\">\n                            <span class=\"wpem-event-date-time-text\">\n                                08-11-2023                                 @ 19:00 - 12-11-2023 @ 09:00                            <\/span>\n                        <\/div>\n                        <div class=\"wpem-event-location\">\n                            <span class=\"wpem-event-location-text\">\n                                Ailleurs                            <\/span>\n                        <\/div>\n                        \n                        <!-- Show in list View \/\/ Hide in Box View -->\n                                                <!-- Show in list View \/\/ Hide in Box View -->\n                                            <\/div>\n                <\/div>\n            <\/a>\n        <\/div>\n    <\/div>\n<\/div><div class=\"wpem-event-box-col wpem-col wpem-col-12 wpem-col-md-6 wpem-col-lg-4\">\n    <!----- wpem-col-lg-4 value can be change by admin settings ------->\n    <div class=\"wpem-event-layout-wrapper\">\n        <div class=\"event_listing post-80 type-event_listing status-expired has-post-thumbnail hentry\">\n            <a href=\"https:\/\/ailleurs-epinal.fr\/index.php\/\u00e9v\u00e8nement\/evenement-test-2\/\" class=\"wpem-event-action-url event-style-color \">\n                <div class=\"wpem-event-banner\">\n                    <div class=\"wpem-event-banner-img\" style=\"background-image: url(https:\/\/ailleurs-epinal.fr\/wp-content\/uploads\/2023\/11\/2022-oct-metier-a-tisser-2.jpg)\">\n                        <!-- Hide in list View \/\/ Show in Box View -->\n                                                <div class=\"wpem-event-date\">\n                            <div class=\"wpem-event-date-type\">\n                                                                    <div class=\"wpem-from-date\">\n                                        <div class=\"wpem-date\">18<\/div>\n                                        <div class=\"wpem-month\">Nov<\/div>\n                                    <\/div>\n                                                            <\/div>\n                        <\/div>\n                        <!-- Hide in list View \/\/ Show in Box View -->\n                    <\/div>\n                <\/div>\n\n                <div class=\"wpem-event-infomation\">\n                    <div class=\"wpem-event-date\">\n                        <div class=\"wpem-event-date-type\">\n                                                            <div class=\"wpem-from-date\">\n                                    <div class=\"wpem-date\">18<\/div>\n                                    <div class=\"wpem-month\">Nov<\/div>\n                                <\/div>\n                                                            <div class=\"wpem-to-date\">\n                                    <div class=\"wpem-date-separator\">-<\/div>\n                                    <div class=\"wpem-date\">18<\/div>\n                                    <div class=\"wpem-month\">Nov<\/div>\n                                <\/div>\n                                                    <\/div>\n                    <\/div>\n\n                    <div class=\"wpem-event-details\">\n                                                <div class=\"wpem-event-title\">\n                            <h3 class=\"wpem-heading-text\">Evenement test 2<\/h3>\n                        <\/div>\n\n                        <div class=\"wpem-event-date-time\">\n                            <span class=\"wpem-event-date-time-text\">\n                                18-11-2023                                 @ 08:30 - 18-11-2023 @ 10:00                            <\/span>\n                        <\/div>\n                        <div class=\"wpem-event-location\">\n                            <span class=\"wpem-event-location-text\">\n                                Ailleurs                            <\/span>\n                        <\/div>\n                        \n                        <!-- Show in list View \/\/ Hide in Box View -->\n                                                <!-- Show in list View \/\/ Hide in Box View -->\n                                            <\/div>\n                <\/div>\n            <\/a>\n        <\/div>\n    <\/div>\n<\/div><\/div>\n<\/div>\n<\/div>\n","protected":false},"excerpt":{"rendered":"","protected":false},"author":1,"featured_media":0,"parent":0,"menu_order":0,"comment_status":"closed","ping_status":"closed","template":"","meta":{"footnotes":""},"class_list":["post-27","page","type-page","status-publish","hentry"],"blocksy_meta":[],"_links":{"self":[{"href":"https:\/\/ailleurs-epinal.fr\/index.php\/wp-json\/wp\/v2\/pages\/27","targetHints":{"allow":["GET"]}}],"collection":[{"href":"https:\/\/ailleurs-epinal.fr\/index.php\/wp-json\/wp\/v2\/pages"}],"about":[{"href":"https:\/\/ailleurs-epinal.fr\/index.php\/wp-json\/wp\/v2\/types\/page"}],"author":[{"embeddable":true,"href":"https:\/\/ailleurs-epinal.fr\/index.php\/wp-json\/wp\/v2\/users\/1"}],"replies":[{"embeddable":true,"href":"https:\/\/ailleurs-epinal.fr\/index.php\/wp-json\/wp\/v2\/comments?post=27"}],"version-history":[{"count":4,"href":"https:\/\/ailleurs-epinal.fr\/index.php\/wp-json\/wp\/v2\/pages\/27\/revisions"}],"predecessor-version":[{"id":32,"href":"https:\/\/ailleurs-epinal.fr\/index.php\/wp-json\/wp\/v2\/pages\/27\/revisions\/32"}],"wp:attachment":[{"href":"https:\/\/ailleurs-epinal.fr\/index.php\/wp-json\/wp\/v2\/media?parent=27"}],"curies":[{"name":"wp","href":"https:\/\/api.w.org\/{rel}","templated":true}]}}