{"id":108,"date":"2023-11-18T10:03:18","date_gmt":"2023-11-18T09:03:18","guid":{"rendered":"https:\/\/ailleurs-epinal.fr\/index.php\/venue-dashboard\/"},"modified":"2023-11-18T10:03:18","modified_gmt":"2023-11-18T09:03:18","slug":"venue-dashboard","status":"publish","type":"page","link":"https:\/\/ailleurs-epinal.fr\/index.php\/venue-dashboard\/","title":{"rendered":"Venue Dashboard"},"content":{"rendered":"\t\t\t<div id=\"event-manager-event-dashboard\">\n\t\t\t\t<p class=\"account-sign-in wpem-alert wpem-alert-info\">Vous devez \u00eatre connect\u00e9 pour g\u00e9rer vos listes de lieux. <a href=\"https:\/\/ailleurs-epinal.fr\/wp-login.php\">Se connecter<\/a><\/p>\n\t\t\t<\/div>\n\t\t\t\n","protected":false},"excerpt":{"rendered":"","protected":false},"author":1,"featured_media":0,"parent":0,"menu_order":0,"comment_status":"closed","ping_status":"closed","template":"","meta":{"footnotes":""},"class_list":["post-108","page","type-page","status-publish","hentry"],"blocksy_meta":[],"_links":{"self":[{"href":"https:\/\/ailleurs-epinal.fr\/index.php\/wp-json\/wp\/v2\/pages\/108","targetHints":{"allow":["GET"]}}],"collection":[{"href":"https:\/\/ailleurs-epinal.fr\/index.php\/wp-json\/wp\/v2\/pages"}],"about":[{"href":"https:\/\/ailleurs-epinal.fr\/index.php\/wp-json\/wp\/v2\/types\/page"}],"author":[{"embeddable":true,"href":"https:\/\/ailleurs-epinal.fr\/index.php\/wp-json\/wp\/v2\/users\/1"}],"replies":[{"embeddable":true,"href":"https:\/\/ailleurs-epinal.fr\/index.php\/wp-json\/wp\/v2\/comments?post=108"}],"version-history":[{"count":0,"href":"https:\/\/ailleurs-epinal.fr\/index.php\/wp-json\/wp\/v2\/pages\/108\/revisions"}],"wp:attachment":[{"href":"https:\/\/ailleurs-epinal.fr\/index.php\/wp-json\/wp\/v2\/media?parent=108"}],"curies":[{"name":"wp","href":"https:\/\/api.w.org\/{rel}","templated":true}]}}